{"id":531,"date":"2020-05-20T23:33:19","date_gmt":"2020-05-20T23:33:19","guid":{"rendered":"https:\/\/voyagine.com\/wow\/?page_id=531"},"modified":"2020-05-21T00:05:46","modified_gmt":"2020-05-21T00:05:46","slug":"a-propos","status":"publish","type":"page","link":"https:\/\/voyagine.com\/wow\/fr\/a-propos\/","title":{"rendered":"A Propos"},"content":{"rendered":"\n<div id=\"section-g06bf70\" class=\"wp-block-gutentor-e6 section-g06bf70 gutentor-element gutentor-element-image text-align-center-desktop\"><div class=\"gutentor-element-image-box\"><div class=\"gutentor-bg-image\"><\/div><\/div><\/div>\n\n\n\n<section id=\"section-38689808-2ad1-4742-8e8e-95eefad588f8\" class=\"wp-block-gutentor-about-block gutentor-section gutentor-about about-template1 has-color-bg has-custom-bg\"><div class=\"grid-container\"><div class=\"gutentor-grid-item-wrap\"><div class=\"gutentor-single-item\"><div class=\"grid-row\"><div class=\"grid-md-6 about-grid\"><div class=\"gutentor-single-item-image-box\"><div class=\"gutentor-image-thumb\"><img decoding=\"async\" class=\"normal-image\" src=\"https:\/\/voyagine.com\/wow\/wp-content\/uploads\/2020\/05\/woman-1785356.jpg\" alt=\"\" \/><\/div><\/div><\/div><div class=\"grid-md-6 about-grid\"><div class=\"gutentor-single-item-content\"><div class=\"gutentor-about-content\"><h3 class=\"gutentor-single-item-title\">A propos<\/h3><p class=\"gutentor-single-item-desc\">A propos est l&#8217;une des pages les plus visit\u00e9es par les internautes.  C&#8217;est l\u00e0 qu&#8217;on peut apprendre \u00e0 vous conna\u00eetre. Commencez par un bref aper\u00e7u.  Dites ce que vous repr\u00e9sentez en tant qu&#8217;entreprise. \u00cates-vous int\u00e9ress\u00e9 par d\u00e9velopper les achats locaux?  \u00cates-vous sensibilis\u00e9s par l&#8217;environnement? Transparence? Parlez de votre sp\u00e9cialit\u00e9 et du travail que vous aimez faire.<br><br>Racontez une histoire facile \u00e0 comprendre en incluant les raisons pour lesquelles vous avez d\u00e9marr\u00e9 votre entreprise.  Votre public appr\u00e9ciera une bonne histoire et aura envie de partager avec vous. Donnez un aper\u00e7u de vos plans d&#8217;avenir. Offrez quelque chose pour r\u00e9soudre le probl\u00e8me de votre public.<\/p><\/div><\/div><\/div><\/div><\/div><\/div><\/div><\/section>\n\n\n\n<section id=\"section-9a0a9928-e8ba-4e08-be28-3dbbdb555df6\" class=\"wp-block-gutentor-team gutentor-section gutentor-team team-template1\"><div class=\"grid-container\"><div class=\"gutentor-block-header\"><div class=\"gutentor-section-title enable-title-design seperator-top text-center\"><h2 class=\"gutentor-title\"> Les conseillers volontaires<br>toujours pr\u00eats \u00e0 rendre service <\/h2><\/div><\/div><div class=\"grid-row gutentor-grid-item-wrap\"><div class=\"gutentor-grid-column grid-lg-3 grid-md-6 grid-12\"><div class=\"gutentor-single-item gutentor-image team-template1 gutentor-single-item-0\"><div class=\"gutentor-template-wrapper\"><div class=\"gutentor-single-item-image-box\"><div class=\"gutentor-image-thumb\"><img decoding=\"async\" class=\"normal-image\" src=\"https:\/\/voyagine.com\/wow\/wp-content\/uploads\/2020\/05\/social-1206614_1920.png\" alt=\"\" \/><\/div><\/div><div class=\"gutentor-single-item-content\"><h3 class=\"gutentor-single-item-title\"> Conseiller Volontaire<\/h3><p class=\"gutentor-single-item-designation\">IT D\u00e9veloppement<\/p><\/div><\/div><\/div><\/div><div class=\"gutentor-grid-column grid-lg-3 grid-md-6 grid-12\"><div class=\"gutentor-single-item gutentor-image team-template1 gutentor-single-item-1\"><div class=\"gutentor-template-wrapper\"><div class=\"gutentor-single-item-image-box\"><div class=\"gutentor-image-thumb\"><img decoding=\"async\" class=\"normal-image\" src=\"https:\/\/voyagine.com\/wow\/wp-content\/uploads\/2020\/05\/social-1206610_1920.png\" alt=\"\" \/><\/div><\/div><div class=\"gutentor-single-item-content\"><h3 class=\"gutentor-single-item-title\">Conseiller Volontaire<\/h3><p class=\"gutentor-single-item-designation\">Site web<\/p><\/div><\/div><\/div><\/div><div class=\"gutentor-grid-column grid-lg-3 grid-md-6 grid-12\"><div class=\"gutentor-single-item gutentor-image team-template1 gutentor-single-item-2\"><div class=\"gutentor-template-wrapper\"><div class=\"gutentor-single-item-image-box\"><div class=\"gutentor-image-thumb\"><img decoding=\"async\" class=\"normal-image\" src=\"https:\/\/voyagine.com\/wow\/wp-content\/uploads\/2020\/05\/social-1206612_1920.png\" alt=\"\" \/><\/div><\/div><div class=\"gutentor-single-item-content\"><h3 class=\"gutentor-single-item-title\">Conseiller Volontaire<\/h3><p class=\"gutentor-single-item-designation\">Marketing num\u00e9rique<\/p><\/div><\/div><\/div><\/div><div class=\"gutentor-grid-column grid-lg-3 grid-md-6 grid-12\"><div class=\"gutentor-single-item gutentor-image team-template1 gutentor-single-item-3\"><div class=\"gutentor-template-wrapper\"><div class=\"gutentor-single-item-image-box\"><div class=\"gutentor-image-thumb\"><img decoding=\"async\" class=\"normal-image\" src=\"https:\/\/voyagine.com\/wow\/wp-content\/uploads\/2020\/05\/social-1206603_1920.png\" alt=\"\" \/><\/div><\/div><div class=\"gutentor-single-item-content\"><h3 class=\"gutentor-single-item-title\">Conseiller Volontaire<\/h3><p class=\"gutentor-single-item-designation\">Administration<\/p><\/div><\/div><\/div><\/div><\/div><\/div><\/section>\n","protected":false},"excerpt":{"rendered":"","protected":false},"author":1,"featured_media":0,"parent":0,"menu_order":0,"comment_status":"closed","ping_status":"closed","template":"template-gutentor-full-width.php","meta":{"footnotes":""},"class_list":["post-531","page","type-page","status-publish","hentry"],"_links":{"self":[{"href":"https:\/\/voyagine.com\/wow\/wp-json\/wp\/v2\/pages\/531","targetHints":{"allow":["GET"]}}],"collection":[{"href":"https:\/\/voyagine.com\/wow\/wp-json\/wp\/v2\/pages"}],"about":[{"href":"https:\/\/voyagine.com\/wow\/wp-json\/wp\/v2\/types\/page"}],"author":[{"embeddable":true,"href":"https:\/\/voyagine.com\/wow\/wp-json\/wp\/v2\/users\/1"}],"replies":[{"embeddable":true,"href":"https:\/\/voyagine.com\/wow\/wp-json\/wp\/v2\/comments?post=531"}],"version-history":[{"count":4,"href":"https:\/\/voyagine.com\/wow\/wp-json\/wp\/v2\/pages\/531\/revisions"}],"predecessor-version":[{"id":561,"href":"https:\/\/voyagine.com\/wow\/wp-json\/wp\/v2\/pages\/531\/revisions\/561"}],"wp:attachment":[{"href":"https:\/\/voyagine.com\/wow\/wp-json\/wp\/v2\/media?parent=531"}],"curies":[{"name":"wp","href":"https:\/\/api.w.org\/{rel}","templated":true}]}}