{"id":520,"date":"2020-05-20T21:47:51","date_gmt":"2020-05-20T21:47:51","guid":{"rendered":"https:\/\/voyagine.com\/wow\/?page_id=520"},"modified":"2020-07-07T00:14:52","modified_gmt":"2020-07-07T00:14:52","slug":"services-2","status":"publish","type":"page","link":"https:\/\/voyagine.com\/wow\/fr\/services-2\/","title":{"rendered":"Services"},"content":{"rendered":"\n<p><\/p>\n\n\n\n<div id=\"section-g9f5782\" class=\"wp-block-gutentor-e6 section-g9f5782 gutentor-element gutentor-element-image\"><div class=\"gutentor-element-image-box\"><div class=\"gutentor-bg-image\"><\/div><\/div><\/div>\n\n\n\n<section id=\"section-aa037cec-8b55-4327-b033-b122c9efa9f2\" class=\"wp-block-gutentor-content-box gutentor-section gutentor-content-box-wrapper content-template1\"><div class=\"grid-container\"><div class=\"gutentor-block-header\"><div class=\"gutentor-section-title text-center\"><h1 class=\"gutentor-title\">Nos Services<\/h1><\/div><\/div><div class=\"grid-row gutentor-grid-item-wrap\"><div class=\"gutentor-grid-column grid-lg-6 grid-md-4 grid-12\"><div class=\"gutentor-single-item gutentor-single-item-0\"><div class=\"gutentor-single-item-wrap\"><div class=\"gutentor-single-item-content\"><h4 class=\"gutentor-single-item-title\">Formation Site Web<\/h4><p class=\"gutentor-single-item-desc\">Nous pouvons vous aider \u00e0 d\u00e9velopper votre site web et \u00e0 vous enseigner \u00e0 le mettre \u00e0 jour.<br> <br><br><\/p><a class=\"gutentor-button gutentor-single-item-button gutentor-icon-hide\" href=\"#\"><i class=\"gutentor-button-icon fa fa-book\"><\/i><span>Voir plus<\/span><\/a><\/div><\/div><\/div><\/div><div class=\"gutentor-grid-column grid-lg-6 grid-md-4 grid-12\"><div class=\"gutentor-single-item gutentor-single-item-1\"><div class=\"gutentor-single-item-wrap\"><div class=\"gutentor-single-item-content\"><h4 class=\"gutentor-single-item-title\">Marketing Num\u00e9rique<\/h4><p class=\"gutentor-single-item-desc\">D\u00e9veloppez une strat\u00e9gie de marketing num\u00e9rique en y int\u00e9grant les m\u00e9dias sociaux et la recherche.<br><br><br><\/p><a class=\"gutentor-button gutentor-single-item-button gutentor-icon-hide\" href=\"#\"><i class=\"gutentor-button-icon fa fa-book\"><\/i><span>Voir plus<\/span><\/a><\/div><\/div><\/div><\/div><div class=\"gutentor-grid-column grid-lg-6 grid-md-4 grid-12\"><div class=\"gutentor-single-item gutentor-single-item-2\"><div class=\"gutentor-single-item-wrap\"><div class=\"gutentor-single-item-content\"><h4 class=\"gutentor-single-item-title\">M\u00e9dia Sociaux<\/h4><p class=\"gutentor-single-item-desc\">D\u00e9couvrez comment cr\u00e9er, planifier, analyser et interagir avec le contenu publi\u00e9 sur les plateformes de m\u00e9dias sociaux.<br><br><br><\/p><a class=\"gutentor-button gutentor-single-item-button gutentor-icon-hide\" href=\"#\"><i class=\"gutentor-button-icon fa fa-book\"><\/i><span>Voir plus<\/span><\/a><\/div><\/div><\/div><\/div><div class=\"gutentor-grid-column grid-lg-6 grid-md-4 grid-12\"><div class=\"gutentor-single-item gutentor-single-item-3\"><div class=\"gutentor-single-item-wrap\"><div class=\"gutentor-single-item-content\"><h4 class=\"gutentor-single-item-title\">Boutique en ligne<\/h4><p class=\"gutentor-single-item-desc\">Voyez les \u00e9tapes pour d\u00e9velopper votre boutique en ligne.<br><br><br><br><\/p><a class=\"gutentor-button gutentor-single-item-button gutentor-icon-hide\" href=\"https:\/\/voyagine.com\/wow\/fr\/store\/\"><i class=\"gutentor-button-icon fa fa-book\"><\/i><span>Voir plus<\/span><\/a><\/div><\/div><\/div><\/div><\/div><\/div><\/section>\n\n\n\n<section id=\"section-f4f85197-8672-4de8-9aba-9b57c24bd500\" class=\"wp-block-gutentor-advanced-columns gutentor-section gutentor-advanced-columns has-color-bg has-custom-bg\"><div class=\"grid-container\"><div class=\"grid-row\">\n<div id=\"section-a8f60bf5-b904-43b8-8a5a-4960341d9838\" class=\"wp-block-gutentor-single-column gutentor-single-column  grid-lg-9 grid-md-8 grid-12\">\n<section id=\"section-84bee6bd-8ba5-479e-9af4-b14a5179b9da\" class=\"wp-block-gutentor-content-box gutentor-section gutentor-content-box-wrapper content-template1\"><div class=\"grid-container gutentor-rm-ct-space\"><div class=\"grid-row gutentor-grid-item-wrap gutentor-rm-row-space\"><div class=\"gutentor-grid-column grid-lg-12 grid-md-12 grid-12 gutentor-rm-col-space\"><div class=\"gutentor-single-item gutentor-single-item-0\"><div class=\"gutentor-single-item-wrap\"><div class=\"gutentor-single-item-content\"><h3 class=\"gutentor-single-item-title\">Vous voulez en savoir plus sur nous?<\/h3><\/div><\/div><\/div><\/div><\/div><\/div><\/section>\n\n\n\n<p><\/p>\n<\/div>\n\n\n\n<div id=\"section-d2f16041-7a07-4dfd-b1d5-ac229aa6e2da\" class=\"wp-block-gutentor-single-column gutentor-single-column  grid-lg-3 grid-md-4 grid-12\">\n<div id=\"section-56f04932-d232-495e-9e57-df7e81dc17fc\" class=\"wp-block-gutentor-content-box gutentor-section gutentor-content-box-wrapper content-template1\"><div class=\"grid-container gutentor-rm-ct-space\"><div class=\"grid-row gutentor-grid-item-wrap gutentor-rm-row-space\"><div class=\"gutentor-grid-column grid-lg-12 grid-md-12 grid-12 gutentor-rm-col-space\"><div class=\"gutentor-single-item gutentor-single-item-0\"><div class=\"gutentor-single-item-wrap\"><div class=\"gutentor-single-item-content\"><a class=\"gutentor-button gutentor-single-item-button gutentor-icon-hide\" href=\"https:\/\/voyagine.com\/wow\/fr\/contact-2\/\"><i class=\"gutentor-button-icon fa fa-book\"><\/i><span>Contactez-nous<\/span><\/a><\/div><\/div><\/div><\/div><\/div><\/div><\/div>\n\n\n\n<p><\/p>\n<\/div>\n<\/div><\/div><\/section>\n\n\n\n<section id=\"section-ceaa0588-b316-4319-aefc-5832d7461c3a\" class=\"wp-block-gutentor-counter-box gutentor-section gutentor-counter-wrapper counter-template3 has-image-bg has-custom-bg has-gutentor-overlay\"><div class=\"grid-container\"><div class=\"grid-row gutentor-grid-item-wrap\"><div class=\"gutentor-grid-column grid-lg-3 grid-md-3 grid-12\"><div class=\"gutentor-single-item gutentor-counter gutentor-single-item-0\"><div class=\"gutentor-single-item-wrap\"><div class=\"gutentor-single-item-icon-box\"><i class=\"fa fa-clock-o\"><\/i><\/div><div class=\"gutentor-single-item-content\"><h3 class=\"gutentor-single-item-title\">7000<br>Heures travaill\u00e9es<\/h3><\/div><\/div><\/div><\/div><div class=\"gutentor-grid-column grid-lg-3 grid-md-3 grid-12\"><div class=\"gutentor-single-item gutentor-counter gutentor-single-item-1\"><div class=\"gutentor-single-item-wrap\"><div class=\"gutentor-single-item-icon-box\"><i class=\"fa fa-address-book-o\"><\/i><\/div><div class=\"gutentor-single-item-content\"><h3 class=\"gutentor-single-item-title\">350<br>Projets compl\u00e9t\u00e9s<\/h3><\/div><\/div><\/div><\/div><div class=\"gutentor-grid-column grid-lg-3 grid-md-3 grid-12\"><div class=\"gutentor-single-item gutentor-counter gutentor-single-item-2\"><div class=\"gutentor-single-item-wrap\"><div class=\"gutentor-single-item-icon-box\"><i class=\"fa fa-coffee\"><\/i><\/div><div class=\"gutentor-single-item-content\"><h3 class=\"gutentor-single-item-title\">1777<br>tasses de caf\u00e9!<\/h3><\/div><\/div><\/div><\/div><div class=\"gutentor-grid-column grid-lg-3 grid-md-3 grid-12\"><div class=\"gutentor-single-item gutentor-counter gutentor-single-item-3\"><div class=\"gutentor-single-item-wrap\"><div class=\"gutentor-single-item-icon-box\"><i class=\"fa fa-user\"><\/i><\/div><div class=\"gutentor-single-item-content\"><h3 class=\"gutentor-single-item-title\">678<br>clients satisfaits<\/h3><\/div><\/div><\/div><\/div><\/div><\/div><\/section>\n","protected":false},"excerpt":{"rendered":"","protected":false},"author":1,"featured_media":0,"parent":0,"menu_order":0,"comment_status":"closed","ping_status":"closed","template":"template-gutentor-full-width.php","meta":{"footnotes":""},"class_list":["post-520","page","type-page","status-publish","hentry"],"_links":{"self":[{"href":"https:\/\/voyagine.com\/wow\/wp-json\/wp\/v2\/pages\/520","targetHints":{"allow":["GET"]}}],"collection":[{"href":"https:\/\/voyagine.com\/wow\/wp-json\/wp\/v2\/pages"}],"about":[{"href":"https:\/\/voyagine.com\/wow\/wp-json\/wp\/v2\/types\/page"}],"author":[{"embeddable":true,"href":"https:\/\/voyagine.com\/wow\/wp-json\/wp\/v2\/users\/1"}],"replies":[{"embeddable":true,"href":"https:\/\/voyagine.com\/wow\/wp-json\/wp\/v2\/comments?post=520"}],"version-history":[{"count":13,"href":"https:\/\/voyagine.com\/wow\/wp-json\/wp\/v2\/pages\/520\/revisions"}],"predecessor-version":[{"id":614,"href":"https:\/\/voyagine.com\/wow\/wp-json\/wp\/v2\/pages\/520\/revisions\/614"}],"wp:attachment":[{"href":"https:\/\/voyagine.com\/wow\/wp-json\/wp\/v2\/media?parent=520"}],"curies":[{"name":"wp","href":"https:\/\/api.w.org\/{rel}","templated":true}]}}