{"id":514,"date":"2020-05-20T20:33:56","date_gmt":"2020-05-20T20:33:56","guid":{"rendered":"https:\/\/voyagine.com\/wow\/?page_id=514"},"modified":"2020-05-20T23:58:33","modified_gmt":"2020-05-20T23:58:33","slug":"contact-2","status":"publish","type":"page","link":"https:\/\/voyagine.com\/wow\/fr\/contact-2\/","title":{"rendered":"Contact"},"content":{"rendered":"\n<p><\/p>\n\n\n\n<div id=\"section-g537276\" class=\"wp-block-gutentor-e6 section-g537276 gutentor-element gutentor-element-image\"><div class=\"gutentor-element-image-box\"><div class=\"gutentor-bg-image\"><\/div><\/div><\/div>\n\n\n\n<section id=\"section-f28cf992-5dc3-489c-aeaf-8eb7bfd2364a\" class=\"wp-block-gutentor-advanced-columns gutentor-section gutentor-advanced-columns has-color-bg has-custom-bg\"><div class=\"grid-container\"><div class=\"grid-row\">\n<div id=\"section-481e0bc6-9895-4c41-a40f-cd8d60f1066b\" class=\"wp-block-gutentor-single-column gutentor-single-column  grid-lg-6 grid-md-12 grid-12\">\n<section id=\"section-c3d92e3b-3d1b-42fd-b1a7-e1e5f19431f9\" class=\"wp-block-gutentor-content-box gutentor-section gutentor-content-box-wrapper content-template1\"><div class=\"grid-container gutentor-rm-ct-space\"><div class=\"grid-row gutentor-grid-item-wrap gutentor-rm-row-space\"><div class=\"gutentor-grid-column grid-lg-12 grid-md-12 grid-12 gutentor-rm-col-space\"><div class=\"gutentor-single-item gutentor-single-item-0\"><div class=\"gutentor-single-item-wrap\"><div class=\"gutentor-single-item-content\"><h4 class=\"gutentor-single-item-title\"><strong>Location<\/strong><\/h4><p class=\"gutentor-single-item-desc\">Le bureau principal est \u00e0 Montr\u00e9al, Qu\u00e9bec, Canada<\/p><\/div><\/div><\/div><\/div><div class=\"gutentor-grid-column grid-lg-12 grid-md-12 grid-12 gutentor-rm-col-space\"><div class=\"gutentor-single-item gutentor-single-item-1\"><div class=\"gutentor-single-item-wrap\"><div class=\"gutentor-single-item-content\"><h4 class=\"gutentor-single-item-title\">Heures<\/h4><p class=\"gutentor-single-item-desc\"><strong>Lundi \u00e0 vendredi:<\/strong>\u00a09:00 AM \u00e0 6:00 PM<br><strong>Samedi:<\/strong>\u00a09:00 AM \u00e05:00 PM<br><strong>Dimanche:<\/strong>\u00a0Closed <\/p><\/div><\/div><\/div><\/div><div class=\"gutentor-grid-column grid-lg-12 grid-md-12 grid-12 gutentor-rm-col-space\"><div class=\"gutentor-single-item gutentor-single-item-2\"><div class=\"gutentor-single-item-wrap\"><div class=\"gutentor-single-item-content\"><h4 class=\"gutentor-single-item-title\">Information <\/h4><p class=\"gutentor-single-item-desc\"><strong>Adresse:<\/strong>\u00a0685 Street One, Montr\u00e9al, Canada<br><strong>T\u00e9l\u00e9phone:<\/strong>\u00a0+010 234 7892 34<br><strong>Photocopieur:<\/strong>\u00a0+010 435 5798982<br><strong>Email:<\/strong>\u00a0<a href=\"mailto:info@demo.com\">voyagine@hotmail.com<\/a><\/p><\/div><\/div><\/div><\/div><\/div><\/div><\/section>\n<\/div>\n\n\n\n<div id=\"section-1456850b-8724-445b-966e-6a2cd610caeb\" class=\"wp-block-gutentor-single-column gutentor-single-column  grid-lg-6 grid-md-12 grid-12\">\n\n<div class=\"wpcf7 no-js\" id=\"wpcf7-f517-o1\" lang=\"fr-FR\" dir=\"ltr\" data-wpcf7-id=\"517\">\n<div class=\"screen-reader-response\"><p role=\"status\" aria-live=\"polite\" aria-atomic=\"true\"><\/p> <ul><\/ul><\/div>\n<form action=\"\/wow\/wp-json\/wp\/v2\/pages\/514#wpcf7-f517-o1\" method=\"post\" class=\"wpcf7-form init\" aria-label=\"Formulaire de contact\" novalidate=\"novalidate\" data-status=\"init\">\n<fieldset class=\"hidden-fields-container\"><input type=\"hidden\" name=\"_wpcf7\" value=\"517\" \/><input type=\"hidden\" name=\"_wpcf7_version\" value=\"6.1.5\" \/><input type=\"hidden\" name=\"_wpcf7_locale\" value=\"fr_FR\" \/><input type=\"hidden\" name=\"_wpcf7_unit_tag\" value=\"wpcf7-f517-o1\" \/><input type=\"hidden\" name=\"_wpcf7_container_post\" value=\"0\" \/><input type=\"hidden\" name=\"_wpcf7_posted_data_hash\" value=\"\" \/>\n<\/fieldset>\n<p><label> Votre nom (obligatoire)<br \/>\n<span class=\"wpcf7-form-control-wrap\" data-name=\"your-name\"><input size=\"40\" maxlength=\"400\" class=\"wpcf7-form-control wpcf7-text wpcf7-validates-as-required\" aria-required=\"true\" aria-invalid=\"false\" value=\"\" type=\"text\" name=\"your-name\" \/><\/span> <\/label>\n<\/p>\n<p><label> Votre adresse de messagerie (obligatoire)<br \/>\n<span class=\"wpcf7-form-control-wrap\" data-name=\"your-email\"><input size=\"40\" maxlength=\"400\" class=\"wpcf7-form-control wpcf7-email wpcf7-validates-as-required wpcf7-text wpcf7-validates-as-email\" aria-required=\"true\" aria-invalid=\"false\" value=\"\" type=\"email\" name=\"your-email\" \/><\/span> <\/label>\n<\/p>\n<p><label> Objet<br \/>\n<span class=\"wpcf7-form-control-wrap\" data-name=\"your-subject\"><input size=\"40\" maxlength=\"400\" class=\"wpcf7-form-control wpcf7-text\" aria-invalid=\"false\" value=\"\" type=\"text\" name=\"your-subject\" \/><\/span> <\/label>\n<\/p>\n<p><label> Votre message<br \/>\n<span class=\"wpcf7-form-control-wrap\" data-name=\"your-message\"><textarea cols=\"40\" rows=\"10\" maxlength=\"2000\" class=\"wpcf7-form-control wpcf7-textarea\" aria-invalid=\"false\" name=\"your-message\"><\/textarea><\/span> <\/label>\n<\/p>\n<p><input class=\"wpcf7-form-control wpcf7-submit has-spinner\" type=\"submit\" value=\"Envoyer\" \/>\n<\/p><div class=\"wpcf7-response-output\" aria-hidden=\"true\"><\/div>\n<\/form>\n<\/div>\n\n<\/div>\n<\/div><\/div><\/section>\n","protected":false},"excerpt":{"rendered":"","protected":false},"author":1,"featured_media":0,"parent":0,"menu_order":0,"comment_status":"closed","ping_status":"closed","template":"template-gutentor-full-width.php","meta":{"footnotes":""},"class_list":["post-514","page","type-page","status-publish","hentry"],"_links":{"self":[{"href":"https:\/\/voyagine.com\/wow\/wp-json\/wp\/v2\/pages\/514","targetHints":{"allow":["GET"]}}],"collection":[{"href":"https:\/\/voyagine.com\/wow\/wp-json\/wp\/v2\/pages"}],"about":[{"href":"https:\/\/voyagine.com\/wow\/wp-json\/wp\/v2\/types\/page"}],"author":[{"embeddable":true,"href":"https:\/\/voyagine.com\/wow\/wp-json\/wp\/v2\/users\/1"}],"replies":[{"embeddable":true,"href":"https:\/\/voyagine.com\/wow\/wp-json\/wp\/v2\/comments?post=514"}],"version-history":[{"count":4,"href":"https:\/\/voyagine.com\/wow\/wp-json\/wp\/v2\/pages\/514\/revisions"}],"predecessor-version":[{"id":555,"href":"https:\/\/voyagine.com\/wow\/wp-json\/wp\/v2\/pages\/514\/revisions\/555"}],"wp:attachment":[{"href":"https:\/\/voyagine.com\/wow\/wp-json\/wp\/v2\/media?parent=514"}],"curies":[{"name":"wp","href":"https:\/\/api.w.org\/{rel}","templated":true}]}}