{"id":500,"date":"2020-05-20T18:16:52","date_gmt":"2020-05-20T18:16:52","guid":{"rendered":"https:\/\/voyagine.com\/wow\/?page_id=500"},"modified":"2023-07-09T16:37:58","modified_gmt":"2023-07-09T16:37:58","slug":"accueil","status":"publish","type":"page","link":"https:\/\/voyagine.com\/wow\/fr\/accueil\/","title":{"rendered":"Accueil"},"content":{"rendered":"\n<section id=\"section-580a47df-d74c-4600-a3b1-cdae72ce3906\" class=\"wp-block-gutentor-image-slider gutentor-section gutentor-image-slider imageSlider-template1\"><div class=\"gutentor-grid-item-wrap\"><div class=\"gutentor-slider-wrapper\" data-dots=\"true\" data-arrows=\"true\" data-infinite=\"false\" data-nextarrow=\"fas fa-angle-right\" data-prevarrow=\"fas fa-angle-left\" data-autoplay=\"true\" data-autoplayspeed=\"500\" data-fade=\"false\" data-speed=\"300\"><div class=\"gutentor-slider-item\"><div class=\"gutentor-single-item gutentor-single-item-0\"><div class=\"gutentor-single-item-wrap\"><div class=\"gutentor-single-item-image-box\"><div class=\"gutentor-bg-image\"><div class=\"overlay\"><\/div><\/div><\/div><div class=\"gutentor-single-item-content\"><div class=\"grid-container\"><div class=\"slider-caption text-center\"><h3 class=\"gutentor-single-item-title\">Innover.   Cr\u00e9er.   D\u00e9velopper.<br><\/h3><p class=\"gutentor-single-item-desc\"><\/p><\/div><\/div><\/div><\/div><\/div><\/div><\/div><\/div><\/section>\n\n\n\n<section id=\"section-cc5c9c55-6b36-406a-8209-e61ed78a4989\" class=\"wp-block-gutentor-content-box gutentor-section gutentor-content-box-wrapper content-template2 has-color-bg has-custom-bg\"><div class=\"grid-container\"><div class=\"grid-row gutentor-grid-item-wrap\"><div class=\"gutentor-grid-column grid-lg-12 grid-md-12 grid-12\"><div class=\"gutentor-single-item gutentor-single-item-0\"><div class=\"gutentor-single-item-wrap\"><div class=\"gutentor-single-item-content\"><h2 class=\"gutentor-single-item-title\"><strong>Rendre le Web accessible aux femmes<\/strong><\/h2><p class=\"gutentor-single-item-desc\">Que vous vendiez des produits, des services ou vos comp\u00e9tences professionnelles, un site Web montre que vous croyez en ce que vous faites et que vous \u00eates pr\u00eat \u00e0 y consacrer du temps et des efforts. Rejoignez-nous et soyez une autre femme sur le Web!<\/p><\/div><\/div><\/div><\/div><\/div><\/div><\/section>\n\n\n\n<section id=\"section-acbe2678-bfa5-4af7-a40a-bff54c5f355f\" class=\"wp-block-gutentor-image-box gutentor-section gutentor-image-wrapper imagebox-template1 has-color-bg has-custom-bg\"><div class=\"grid-container\"><div class=\"grid-row gutentor-grid-item-wrap\"><div class=\"gutentor-grid-column grid-lg-4 grid-md-4 grid-12\"><div class=\"gutentor-single-item gutentor-image gutentor-single-item-0\"><div class=\"gutentor-single-item-wrap\"><div class=\"gutentor-single-item-image-box\"><div class=\"gutentor-image-thumb\"><img loading=\"lazy\" decoding=\"async\" class=\"normal-image\" src=\"https:\/\/voyagine.com\/wow\/wp-content\/uploads\/2020\/05\/shopping-4000414_1920.jpg\" alt=\"\" height=\"1274\" width=\"1920\" \/><\/div><\/div><div class=\"gutentor-single-item-content\"><h4 class=\"gutentor-single-item-title\">eCommerce<\/h4><\/div><\/div><\/div><\/div><div class=\"gutentor-grid-column grid-lg-4 grid-md-4 grid-12\"><div class=\"gutentor-single-item gutentor-image gutentor-single-item-1\"><div class=\"gutentor-single-item-wrap\"><div class=\"gutentor-single-item-image-box\"><div class=\"gutentor-image-thumb\"><img loading=\"lazy\" decoding=\"async\" class=\"normal-image\" src=\"https:\/\/voyagine.com\/wow\/wp-content\/uploads\/2020\/05\/adult-15700_1920.jpg\" alt=\"\" height=\"1280\" width=\"1920\" \/><\/div><\/div><div class=\"gutentor-single-item-content\"><h4 class=\"gutentor-single-item-title\">Ordinateurs &#8211; \u00e0 vos marques!<\/h4><\/div><\/div><\/div><\/div><div class=\"gutentor-grid-column grid-lg-4 grid-md-4 grid-12\"><div class=\"gutentor-single-item gutentor-image gutentor-single-item-2\"><div class=\"gutentor-single-item-wrap\"><div class=\"gutentor-single-item-image-box\"><div class=\"gutentor-image-thumb\"><img loading=\"lazy\" decoding=\"async\" class=\"normal-image\" src=\"https:\/\/voyagine.com\/wow\/wp-content\/uploads\/2020\/05\/holiday-shopping-1921658_1920.jpg\" alt=\"\" height=\"1279\" width=\"1920\" \/><\/div><\/div><div class=\"gutentor-single-item-content\"><h4 class=\"gutentor-single-item-title\">Utiliser les technologies<\/h4><\/div><\/div><\/div><\/div><\/div><\/div><\/section>\n\n\n\n<section id=\"section-99bd6250-cb25-46cf-bd04-8a50af738fd4\" class=\"wp-block-gutentor-call-to-action gutentor-section  gutentor-calltoaction call-to-action-template3 has-image-bg has-custom-bg has-gutentor-overlay\"><div class=\"grid-container\"><div class=\"gutentor-grid-item-wrap\"><div class=\"gutentor-single-item\"><div class=\"gutentor-single-item-content\"><h3 class=\"gutentor-single-item-title\">Pr\u00eat \u00e0 d\u00e9marrer<\/h3><div class=\"gutentor-single-item-desc\"><p class=\"gutentor-single-item-desc\">Trouver un slogan pour votre entreprise<\/p><\/div><div class=\"gutentor-button-group\"><a class=\"gutentor-button gutentor-single-item-button gutentor-icon-hide\" href=\"https:\/\/www.oberlo.ca\/tools\/slogan-generator\" target=\"_blank\" rel=\"noopener noreferrer\"><i class=\"gutentor-button-icon fas fa-book\"><\/i><span>Essayer ici!<\/span><\/a><\/div><\/div><\/div><\/div><\/div><\/section>\n\n\n<section class=\"gutentor-section gutentor-blog-post-wrapper blog-template1 wp-block-gutentor-blog-post\" id=\"section-53335266-3770-44c7-a903-a12717dfd289\">\n<div class='grid-container'><div class=\"gutentor-block-header\"><div class=\"gutentor-section-title  seperator-bottom text-center \">\n<h2 class=\"gutentor-title\">\nDerni\u00e8res nouvelles<\/h2>\n<\/div>\n<\/div><div class='gutentor-grid-item-wrap '><div class='grid-row '><article class='gutentor-post-has-thumb  grid-lg-4 grid-md-4 grid-12 blog-grid'><div class=\"gutentor-single-item\"><div class=\"gutentor-single-item-image-box\"><div class=\"gutentor-image-thumb\"><img loading=\"lazy\" decoding=\"async\" width=\"1920\" height=\"1080\" src=\"https:\/\/voyagine.com\/wow\/wp-content\/uploads\/2020\/05\/narrative-794978_1920.jpg\" class=\"attachment- size- wp-post-image\" alt=\"\" \/><\/div><\/div><div class=\"gutentor-post-content\"><h4 class=\"gutentor-single-item-title\"><a href=\"https:\/\/voyagine.com\/wow\/fr\/bienvenue-dans-le-site-wow\/\" rel=\"bookmark\">Bienvenue dans le site WOW<\/a><\/h4><div class=\"entry-meta\"><\/div><div class=\"gutentor-post-excerpt gutentor-single-item-desc\"><p class='gutentor-single-item-desc'><\/p><\/div><\/div><\/div><\/article><article class='gutentor-post-has-thumb  grid-lg-4 grid-md-4 grid-12 blog-grid'><div class=\"gutentor-single-item\"><div class=\"gutentor-single-item-image-box\"><div class=\"gutentor-image-thumb\"><img loading=\"lazy\" decoding=\"async\" width=\"1920\" height=\"1280\" src=\"https:\/\/voyagine.com\/wow\/wp-content\/uploads\/2020\/05\/startup-849805_1920.jpg\" class=\"attachment- size- wp-post-image\" alt=\"\" \/><\/div><\/div><div class=\"gutentor-post-content\"><h4 class=\"gutentor-single-item-title\"><a href=\"https:\/\/voyagine.com\/wow\/follow-us\/\" rel=\"bookmark\">Follow us<\/a><\/h4><div class=\"entry-meta\"><\/div><div class=\"gutentor-post-excerpt gutentor-single-item-desc\"><p class='gutentor-single-item-desc'>We will present our annual sale soon!&hellip;<\/p><\/div><\/div><\/div><\/article><article class='gutentor-post-has-thumb  grid-lg-4 grid-md-4 grid-12 blog-grid'><div class=\"gutentor-single-item\"><div class=\"gutentor-single-item-image-box\"><div class=\"gutentor-image-thumb\"><img loading=\"lazy\" decoding=\"async\" width=\"1920\" height=\"1280\" src=\"https:\/\/voyagine.com\/wow\/wp-content\/uploads\/2020\/05\/poster-2899102_1920.jpg\" class=\"attachment- size- wp-post-image\" alt=\"\" \/><\/div><\/div><div class=\"gutentor-post-content\"><h4 class=\"gutentor-single-item-title\"><a href=\"https:\/\/voyagine.com\/wow\/home\/\" rel=\"bookmark\">Welcome to the website<\/a><\/h4><div class=\"entry-meta\"><\/div><div class=\"gutentor-post-excerpt gutentor-single-item-desc\"><p class='gutentor-single-item-desc'>I&#8217;m happy to see you here.  This is a post, to give some news about your projects.&hellip;<\/p><\/div><\/div><\/div><\/article><\/div><\/div><\/div><\/section>","protected":false},"excerpt":{"rendered":"","protected":false},"author":1,"featured_media":0,"parent":0,"menu_order":0,"comment_status":"closed","ping_status":"closed","template":"template-gutentor-full-width.php","meta":{"footnotes":""},"class_list":["post-500","page","type-page","status-publish","hentry"],"_links":{"self":[{"href":"https:\/\/voyagine.com\/wow\/wp-json\/wp\/v2\/pages\/500","targetHints":{"allow":["GET"]}}],"collection":[{"href":"https:\/\/voyagine.com\/wow\/wp-json\/wp\/v2\/pages"}],"about":[{"href":"https:\/\/voyagine.com\/wow\/wp-json\/wp\/v2\/types\/page"}],"author":[{"embeddable":true,"href":"https:\/\/voyagine.com\/wow\/wp-json\/wp\/v2\/users\/1"}],"replies":[{"embeddable":true,"href":"https:\/\/voyagine.com\/wow\/wp-json\/wp\/v2\/comments?post=500"}],"version-history":[{"count":8,"href":"https:\/\/voyagine.com\/wow\/wp-json\/wp\/v2\/pages\/500\/revisions"}],"predecessor-version":[{"id":629,"href":"https:\/\/voyagine.com\/wow\/wp-json\/wp\/v2\/pages\/500\/revisions\/629"}],"wp:attachment":[{"href":"https:\/\/voyagine.com\/wow\/wp-json\/wp\/v2\/media?parent=500"}],"curies":[{"name":"wp","href":"https:\/\/api.w.org\/{rel}","templated":true}]}}